{"id":14,"date":"2023-06-21T18:47:44","date_gmt":"2023-06-21T16:47:44","guid":{"rendered":"http:\/\/www.buginfo25.net\/index.php\/one-page-express\/"},"modified":"2024-12-22T13:14:08","modified_gmt":"2024-12-22T12:14:08","slug":"one-page-express","status":"publish","type":"page","link":"https:\/\/www.buginfo25.net\/","title":{"rendered":"Front Page"},"content":{"rendered":"<div  id=\"menu-de-selection\" style=\"background-color: #ffffff;\" data-label=\"Menu de selection\" data-id=\"stripped-coloured-icon-boxes\" data-category=\"overlapable\" class=\"features-coloured-icon-boxes-section\" data-overlap=\"true\"> <div  class=\"gridContainer\"> <div  class=\"features-coloured-icon-boxes-innerrow flexbox-list dark-text\" data-type=\"row\"> <div  class=\"features-coloured-icon-boxes-featurecol cp3cols\"> <div  class=\"features-coloured-icon-boxes-iconcontainer\" data-content-item-container=\"true\"> <i  data-cp-fa=\"true\" class=\"features-coloured-icon fa fa-graduation-cap\"><\/i> <\/div> <h4  class=\"\">Formation<\/h4> <p  class=\"\">R\u00e9alisation de formations sur meusure, a la demande sur un emsemble de logiciels bureautiques.\n<\/p>  <a  class=\"button blue\" href=\"#formationuser\" target=\"_self\">En savoir plus<\/a><\/div> <div  class=\"features-coloured-icon-boxes-featurecol cp3cols\"> <div  class=\"features-coloured-icon-boxes-iconcontainer\" data-content-item-container=\"true\"> <i  data-cp-fa=\"true\" class=\"features-coloured-icon fa fa-wrench\"><\/i> <\/div> <h4  class=\"\">Maintenance<\/h4> <p  class=\"\">Maintenance et r\u00e9paration de vos solutions Informatiques.&nbsp;\n\n\n\n<br ><br >\n<\/p>  <a  class=\"button blue\" href=\"#maintenance\" target=\"_self\">En savoir plus<\/a><\/div> <div  class=\"features-coloured-icon-boxes-featurecol cp3cols\"> <div  class=\"features-coloured-icon-boxes-iconcontainer\" data-content-item-container=\"true\"> <i  data-cp-fa=\"true\" class=\"features-coloured-icon fa fa-share-alt\"><\/i> <\/div> <h4  class=\"\">Audits<\/h4> <p  class=\"\">R\u00e9alisation d\u2019audits de s\u00e9curit\u00e9 et de couvertures Wifi de votre Domicile \/ Entreprise.\n<\/p>  <a  class=\"button blue\" href=\"#auditit\" target=\"_self\">En savoir plus<\/a><\/div> <div  class=\"features-coloured-icon-boxes-featurecol cp3cols\"> <div  class=\"features-coloured-icon-boxes-iconcontainer\" data-content-item-container=\"true\"> <i  data-cp-fa=\"true\" class=\"features-coloured-icon fa fa-modx\"><\/i> <\/div> <h4  class=\"\">A la demande<\/h4> <p  class=\"\">Au plus pr\u00e8s de ses clients, je suis ouvert a toutes les demandes, n\u2019h\u00e9sitez pas a me contacter afin d\u2019en discuter.<\/p>  <a  class=\"button blue\" href=\"#formulairecontact\" target=\"_self\">Contactez nous<\/a><\/div> <\/div> <\/div><\/div><div  data-label=\"Formation\" data-id=\"stripped-about-four-boxes-section\" data-category=\"overlapable\" class=\"stripped-about-four-boxes-section\" data-overlap=\"true\" id=\"formationuser\" style=\"background-color: rgb(255, 255, 255);\"> <div  class=\"gridContainer\"> <div  class=\"about-four-boxes-innerrow flexbox-list\"> <div  class=\"about-four-boxes-imgcol\" data-bg=\"image\"><\/div> <div  class=\"about-four-boxes-textcol\" data-type=\"column\"> <h6  class=\"\">Formez vous aux logiciels de bureautiques<\/h6> <h2  class=\"\">Devenez un Pro !!<\/h2> <p  class=\"\">Je peux vous proposer des formations sur mesures aux logiciels de bureautiques le plus en vogue en entreprise ou ailleurs. Vous demandez, on vous forme  \ud83d\ude42&nbsp;\n<\/p> <\/div> <div  class=\"about-four-boxes-textcol\" data-type=\"column\"> <h6  class=\"\">A la d\u00e9couvert du mondenum\u00e9rique<\/h6> <h2  class=\"\">Perdu dans ce monde totalement Digital ?<\/h2> <p  class=\"\">N\u2019attendez plus, formez-vous \u00e0 l\u2019informatique, au WEB et \u00e0 ce nouveau monde digital.<\/p> <\/div> <div  class=\"about-four-boxes-imgcol2\" data-bg=\"image\"><\/div> <\/div> <\/div><\/div><div  data-label=\"Maintenance\" data-id=\"about-images-right-section\" data-category=\"about\" class=\"about-images-right-section\" id=\"maintenance\" style=\"background-color: rgb(255, 255, 255);\"> <div  class=\"dynamic-color gridContainer\"> <div  class=\"about-images-right-innerrow dynamic-color\"> <div  class=\"about-images-right-textcol\" data-type=\"column\"> <h6  class=\"\">MAINTENANCE<\/h6> <h2  class=\"about-images-right-bigtitle\"><span  href=\"#\" class=\"span24\"><font  face=\"Source Sans Pro, sans-serif\"><span  style=\"font-style: normal;\"><b >Redonnez un peu de boost a votre PC<\/b><\/span><\/font><\/span><\/h2> <p  class=\"\">Chaque ordinateur a besoin, de temps en temps, d\u2019un petit nettoyage et de se faire chouchouter, n\u2019attendez pas !!<\/p>  <\/div> <div  class=\"about-images-right-imgcol\"><img  decoding=\"async\" class=\"about-images-right-topimg\" src=\"http:\/\/www.buginfo25.net\/wp-content\/uploads\/2024\/11\/Maintenance_Informatique.webp\" alt=\"\"><img  decoding=\"async\" class=\"about-images-right-rightimg\" src=\"http:\/\/www.buginfo25.net\/wp-content\/uploads\/2024\/11\/assistance-technique-clavier-1024x818-1.png\" alt=\"\"><img  decoding=\"async\" class=\"about-images-right-leftimg\" src=\"http:\/\/www.buginfo25.net\/wp-content\/uploads\/2024\/11\/mantenimiento-informatico-pfms-blog-980x549-1.webp\" alt=\"\"> <\/div> <\/div> <\/div><\/div><div  data-label=\"Audit\" data-id=\"about-big-images-section\" data-category=\"about\" class=\"about-big-images-section\" id=\"auditit\" style=\"background-color: rgb(246, 246, 246);\"> <div  class=\"gridContainer\"> <div  class=\"about-big-images-textrow\"> <div  class=\"about-big-images-textcol dynamic-color\" data-type=\"column\"> <h5  class=\"\">Besoin d\u2019un Audit Informatique<\/h5>  <p  class=\"\">R\u00e9alisation des audits informatiques de vos syst\u00e8mes d\u2019informations et de votre infrastructure.\n<br >Mieux connaitre le niveau de protection de votre syst\u00e8me d\u2019information, de votre infrastructure informatique, de votre r\u00e9seau ou du traitement de vos donn\u00e9es. Il garantit la continuit\u00e9, l\u2019int\u00e9grit\u00e9 et la disponibilit\u00e9 de vos moyens informatiques.<\/p>  <\/div> <\/div> <\/div> <div  class=\"about-big-images-bottomrow\"> <div  class=\"about-big-images-leftimgcol\"><img  decoding=\"async\" class=\"about-big-images-leftimg\" src=\"http:\/\/www.buginfo25.net\/wp-content\/uploads\/2024\/11\/IT-Anywhere-Network-Audit.jpg.webp\" alt=\"\"> <\/div> <div  class=\"about-big-images-centerimgcol\"><img  decoding=\"async\" class=\"about-big-images-centerimg\" src=\"http:\/\/www.buginfo25.net\/wp-content\/uploads\/2024\/11\/Art2Fig4-32-660x400-1.jpg\" alt=\"\"> <\/div> <div  class=\"about-big-images-rightimgcol\"><img  decoding=\"async\" class=\"about-big-images-rightimg\" src=\"http:\/\/www.buginfo25.net\/wp-content\/uploads\/2024\/11\/Audit-informatique-Tout-comprendre-FC-MICRO.webp\" alt=\"\"> <\/div> <\/div> <\/div><div  data-label=\"Autre\" data-id=\"content-image-left\" data-category=\"content\" class=\"content-left-image-section content-image-left\" id=\"autredemande\" style=\"background-color: rgb(255, 255, 255);\"> <div  class=\"gridContainer\"> <div  class=\"row\"> <div  class=\"content-left-image-imgcol\" data-type=\"column\"> <img  decoding=\"async\" src=\"http:\/\/www.buginfo25.net\/wp-content\/uploads\/2024\/11\/question.jpeg\" class=\"\" alt=\"\"> <\/div> <div  class=\"content-left-image-textcol dynamic-color\" data-type=\"column\"> <h2  class=\"\">Un autre Besoin ?<\/h2> <p  class=\"large_text\"> Une question, un besoin sp\u00e9cifique, n\u2019h\u00e9sitez pas, nos experts on la r\u00e9ponse a (presque) tout !<\/p>  <\/div> <\/div> <\/div> <\/div><div  data-label=\"Contact\" data-id=\"contact-section\" data-category=\"contact\" data-bg=\"transparent\" class=\"contact-section-formsection white-text contact-section\" id=\"formulairecontact\"> <div  class=\"gridContainer\"> <div  class=\"row_224\"> <div  class=\"contact-textrow\"> <div  class=\"contact-textcol dynamic-color\"> <h2  class=\"\">Formulaire de contact<\/h2> <p  class=\"white_text\">n\u2019h\u00e9sitez pas a nous contacter pour toute demandes ou questions, r\u00e9ponse assur\u00e9e sous 24\/48 heures.<\/p> <\/div> <\/div> <\/div> <div  class=\"contact-formcol\" data-content-shortcode=\"one_page_express_contact_form shortcode=&quot;contact-form-7 id=&amp;amp;quot;815c4fe&amp;amp;quot; title=&amp;amp;quot;Contact form 1&amp;amp;quot;&quot;\" data-editable=\"true\">\n<div class=\"wpcf7 no-js\" id=\"wpcf7-f27-o1\" lang=\"fr-FR\" dir=\"ltr\" data-wpcf7-id=\"27\">\n<div class=\"screen-reader-response\"><p role=\"status\" aria-live=\"polite\" aria-atomic=\"true\"><\/p> <ul><\/ul><\/div>\n<form action=\"\/index.php\/wp-json\/wp\/v2\/pages\/14#wpcf7-f27-o1\" method=\"post\" class=\"wpcf7-form init\" aria-label=\"Formulaire de contact\" novalidate=\"novalidate\" data-status=\"init\">\n<fieldset class=\"hidden-fields-container\"><input type=\"hidden\" name=\"_wpcf7\" value=\"27\" \/><input type=\"hidden\" name=\"_wpcf7_version\" value=\"6.1.5\" \/><input type=\"hidden\" name=\"_wpcf7_locale\" value=\"fr_FR\" \/><input type=\"hidden\" name=\"_wpcf7_unit_tag\" value=\"wpcf7-f27-o1\" \/><input type=\"hidden\" name=\"_wpcf7_container_post\" value=\"0\" \/><input type=\"hidden\" name=\"_wpcf7_posted_data_hash\" value=\"\" \/>\n<\/fieldset>\n<p><label> Votre nom<br \/>\n<span class=\"wpcf7-form-control-wrap\" data-name=\"your-name\"><input size=\"40\" maxlength=\"400\" class=\"wpcf7-form-control wpcf7-text wpcf7-validates-as-required\" autocomplete=\"name\" aria-required=\"true\" aria-invalid=\"false\" value=\"\" type=\"text\" name=\"your-name\" \/><\/span> <\/label>\n<\/p>\n<p><label> Votre e-mail<br \/>\n<span class=\"wpcf7-form-control-wrap\" data-name=\"your-email\"><input size=\"40\" maxlength=\"400\" class=\"wpcf7-form-control wpcf7-email wpcf7-validates-as-required wpcf7-text wpcf7-validates-as-email\" autocomplete=\"email\" aria-required=\"true\" aria-invalid=\"false\" value=\"\" type=\"email\" name=\"your-email\" \/><\/span> <\/label>\n<\/p>\n<p><label> Objet<br \/>\n<span class=\"wpcf7-form-control-wrap\" data-name=\"your-subject\"><input size=\"40\" maxlength=\"400\" class=\"wpcf7-form-control wpcf7-text wpcf7-validates-as-required\" aria-required=\"true\" aria-invalid=\"false\" value=\"\" type=\"text\" name=\"your-subject\" \/><\/span> <\/label>\n<\/p>\n<p><label> Votre message<br \/>\n<span class=\"wpcf7-form-control-wrap\" data-name=\"your-message\"><textarea cols=\"40\" rows=\"10\" maxlength=\"2000\" class=\"wpcf7-form-control wpcf7-textarea\" aria-invalid=\"false\" name=\"your-message\"><\/textarea><\/span> <\/label>\n<\/p>\n<p><input class=\"wpcf7-form-control wpcf7-submit has-spinner\" type=\"submit\" value=\"Envoyer\" \/>\n<\/p><p style=\"display: none !important;\" class=\"akismet-fields-container\" data-prefix=\"_wpcf7_ak_\"><label>&#916;<textarea name=\"_wpcf7_ak_hp_textarea\" cols=\"45\" rows=\"8\" maxlength=\"100\"><\/textarea><\/label><input type=\"hidden\" id=\"ak_js_1\" name=\"_wpcf7_ak_js\" value=\"181\"\/><script>document.getElementById( \"ak_js_1\" ).setAttribute( \"value\", ( new Date() ).getTime() );<\/script><\/p><div class=\"wpcf7-response-output\" aria-hidden=\"true\"><\/div>\n<\/form>\n<\/div>\n<\/div> <\/div><\/div>","protected":false},"excerpt":{"rendered":"<p>Formation R\u00e9alisation de formations sur meusure, a la demande sur un emsemble de logiciels bureautiques. En savoir plus Maintenance Maintenance et r\u00e9paration de vos solutions Informatiques.&nbsp; En savoir plus Audits R\u00e9alisation d\u2019audits de s\u00e9curit\u00e9 et de couvertures Wifi de votre Domicile \/ Entreprise. En savoir plus A la demande Au plus pr\u00e8s de ses clients,&hellip; <br \/> <a class=\"button small blue\" href=\"https:\/\/www.buginfo25.net\/\">Read more<\/a><\/p>\n","protected":false},"author":1,"featured_media":0,"parent":0,"menu_order":0,"comment_status":"closed","ping_status":"closed","template":"","meta":{"footnotes":""},"class_list":["post-14","page","type-page","status-publish","hentry"],"_links":{"self":[{"href":"https:\/\/www.buginfo25.net\/index.php\/wp-json\/wp\/v2\/pages\/14","targetHints":{"allow":["GET"]}}],"collection":[{"href":"https:\/\/www.buginfo25.net\/index.php\/wp-json\/wp\/v2\/pages"}],"about":[{"href":"https:\/\/www.buginfo25.net\/index.php\/wp-json\/wp\/v2\/types\/page"}],"author":[{"embeddable":true,"href":"https:\/\/www.buginfo25.net\/index.php\/wp-json\/wp\/v2\/users\/1"}],"replies":[{"embeddable":true,"href":"https:\/\/www.buginfo25.net\/index.php\/wp-json\/wp\/v2\/comments?post=14"}],"version-history":[{"count":26,"href":"https:\/\/www.buginfo25.net\/index.php\/wp-json\/wp\/v2\/pages\/14\/revisions"}],"predecessor-version":[{"id":127,"href":"https:\/\/www.buginfo25.net\/index.php\/wp-json\/wp\/v2\/pages\/14\/revisions\/127"}],"wp:attachment":[{"href":"https:\/\/www.buginfo25.net\/index.php\/wp-json\/wp\/v2\/media?parent=14"}],"curies":[{"name":"wp","href":"https:\/\/api.w.org\/{rel}","templated":true}]}}